{"id":28350,"date":"2017-09-20T19:03:24","date_gmt":"2017-09-20T17:03:24","guid":{"rendered":"https:\/\/bookgy.com\/es\/?page_id=28350"},"modified":"2020-09-23T13:03:15","modified_gmt":"2020-09-23T11:03:15","slug":"plan-seo-para-pequenos-negocios-y-profesionales","status":"publish","type":"page","link":"https:\/\/bookgy.com\/plan-seo-para-pequenos-negocios-y-profesionales\/","title":{"rendered":"Plan SEO para peque\u00f1os Negocios y Profesionales"},"content":{"rendered":"<p>[et_pb_section fb_built=\u00bb1&#8243; admin_label=\u00bbSecci\u00f3n\u00bb _builder_version=\u00bb3.22&#8243;][et_pb_row _builder_version=\u00bb3.25&#8243; background_size=\u00bbinitial\u00bb background_position=\u00bbtop_left\u00bb background_repeat=\u00bbrepeat\u00bb][et_pb_column type=\u00bb4_4&#8243; _builder_version=\u00bb3.25&#8243; custom_padding=\u00bb|||\u00bb custom_padding__hover=\u00bb|||\u00bb][et_pb_text _builder_version=\u00bb4.4.5&#8243; text_font_size=\u00bb18&#8243; hover_enabled=\u00bb0&#8243;]<\/p>\n<h1><img decoding=\"async\" class=\"wp-image-28358  aligncenter\" src=\"https:\/\/bookgy.com\/wp-content\/uploads\/plan_seo_2018-e1600857911160.png\" alt=\"Plan seo para negocios\" width=\"100%\" height=\"auto\" srcset=\"https:\/\/bookgy.com\/wp-content\/uploads\/plan_seo_2018-e1600857911160.png 663w, https:\/\/bookgy.com\/wp-content\/uploads\/plan_seo_2018-e1600857911160-300x119.png 300w\" sizes=\"(max-width: 663px) 100vw, 663px\" \/><\/h1>\n<h1 style=\"margin-top: 35px; margin-bottom: 15px;\">\u00bfQu\u00e9 es el SEO?. \u00bfPor qu\u00e9 lo necesito?<\/h1>\n<p>Cada d\u00eda miles de personas buscan servicios y empresas por Internet usando Google como buscador, por lo que es realmente importante estar posicionado en las <strong>primeras posiciones de Google<\/strong> para que los usuarios de Internet puedan encontrarnos frente a nuestros competidores y conseguir as\u00ed, nuevos clientes cada d\u00eda.<\/p>\n<h2 style=\"margin-top: 35px; margin-bottom: 15px;\">\u00bfEs posible aparecer en la primera posici\u00f3n de Google?<\/h2>\n<p>Muchas empresas de SEO en su publicidad dicen que garantizan aparecer en la primera posici\u00f3n y en el 100% de los casos,\u00a0<b>esta publicidad es enga\u00f1osa&#8230;<\/b><\/p>\n<p style=\";text-align: justify;\">Cuando se lee la letra peque\u00f1a, resulta que lo que garantizan es el \u00ab<b>posicionamiento de marca<\/b>\u00ab. Esto significa que saldr\u00e1s en primera posici\u00f3n solo si pones el nombre de tu negocio. Veamos esto con un ejemplo:<\/p>\n<p>Si usamos a Zara para el ejemplo, el \u00abposicionamiento de marca\u00bb es aparecer en primera posici\u00f3n de Google si buscamos la palabra: ZARA.<\/p>\n<p style=\"text-align: justify;\">Esto es realmente f\u00e1cil y Google siempre nos va a posicionar, hagamos SEO o no lo hagamos.<\/p>\n<h2 style=\"margin-top: 35px; margin-bottom: 15px;\">Entonces, \u00bfqu\u00e9 estrategia es la correcta desde el punto de vista del SEO?<\/h2>\n<p style=\"text-align: justify;\">Lo\u00a0<b>realmente interesante<\/b>\u00a0y costoso es aparecer en las primeras posiciones por palabras relacionadas con el negocio.<\/p>\n<p>En el ejemplo de ZARA, las palabras interesantes ser\u00edan por ejemplo: \u00abropa\u00bb, \u00abropa mujer\u00bb, \u00abropa caballero\u00bb, \u00abcamisa blanca\u00bb, \u00abpantal\u00f3n vaquero\u00bb, etc&#8230;. y as\u00ed podr\u00edamos pensar miles de palabras y frases interesantes desde el punto de vista del negocio, en este caso ZARA.<\/p>\n<h2 style=\"margin-top: 35px; margin-bottom: 15px;\">\u00bfSEO gen\u00e9rico o Local?<\/h2>\n<p style=\"font-size: 18px;\">Los clientes de Bookgy tienen un \u00e1mbito de negocio normalmente restringido a su ciudad. Por ejemplo, el perfil de clientes de una peluquer\u00eda, un centro de est\u00e9tica o un m\u00e9dico, residen en su ciudad o la van a visitar, por lo que las palabras interesantes a posicionar ser\u00e1n las que est\u00e9n unidas a su ciudad.<\/p>\n<p>El SEO adecuado para la mayor\u00eda de estos negocios es el llamado\u00a0<b>SEO Local<\/b>.<\/p>\n<p>Por ejemplo, las palabras m\u00e1s interesantes una peluquer\u00eda de Almer\u00eda ser\u00edan: \u00abpeluquer\u00eda almer\u00eda\u00bb, \u00abpeluquero almer\u00eda\u00bb, \u00abpeinado boda almer\u00eda\u00bb, \u00abpeluquer\u00eda moderna almeria\u00bb, \u00abrizos permanente almer\u00eda\u00bb, etc&#8230;.<\/p>\n<h2 style=\"margin-top: 35px; margin-bottom: 15px;\">\u00bfQu\u00e9 trabajo realiza el equipo SEO de Bookgy?<\/h2>\n<p>Nuestro equipo es muy profesional y lleva a\u00f1os dedicado al SEO. Lo primero que realizamos es un\u00a0<b>estudio de las palabras claves<\/b>\u00a0m\u00e1s importantes para el negocio y dise\u00f1amos una estrategia para posicionar estas palabras en el medio y largo.<\/p>\n<p>Mantenemos contacto con el cliente y le hacemos llegar<b>\u00a0informes de evoluci\u00f3n<\/b>\u00a0mensualmente.<\/p>\n<p><b>Escribimos en el blog del cliente<\/b>\u00a0para mantener la p\u00e1gina activa y mejorar la cantidad de palabras claves posicionadas.<\/p>\n<p>Damos forma a la web desde el punto de vista del SEO On Page. Casi todas las webs, tienen esta parte muy descuidada.<\/p>\n<p><b>No prometemos estar en n\u00famero 1 de Google<\/b>, sino que<b>\u00a0trabajamos intensamente para posicionar muchas palabras claves<\/b>\u00a0en la primera p\u00e1gina de Google y de esta forma y con tiempo, conseguimos que muchas de ellas acaben en posici\u00f3n n\u00famero uno, consiguiendo as\u00ed muchas visitas a la web y por lo tanto muchos nuevos clientes.<\/p>\n<p>y muchas cosas m\u00e1s&#8230;.<\/p>\n<h1 style=\"margin-top: 35px; margin-bottom: 15px;\">Presupuesto SEO:<\/h1>\n<div>\n<table dir=\"ltr\" style=\"width: 85%!important; margin-top: 30px;\" border=\"1\" cellspacing=\"0\" cellpadding=\"0\">\n<colgroup>\n<col width=\"340\" \/>\n<col width=\"152\" \/><\/colgroup>\n<tbody>\n<tr>\n<td>Estudio de palabras claves<\/td>\n<td style=\"text-align: center; color: #039149;\">Incluido<\/td>\n<\/tr>\n<tr>\n<td>Estudio de Link Building<\/td>\n<td style=\"text-align: center; color: #039149;\">Incluido<\/td>\n<\/tr>\n<tr>\n<td>Estudio de Competencia<\/td>\n<td style=\"text-align: center; color: #039149;\">Incluido<\/td>\n<\/tr>\n<tr>\n<td>SEO On Page<\/td>\n<td style=\"text-align: center; color: #039149;\">incluido<\/td>\n<\/tr>\n<tr>\n<td>Google My Bussines<\/td>\n<td style=\"text-align: center; color: #039149;\">incluido<\/td>\n<\/tr>\n<tr>\n<td>Generaci\u00f3n de Contenidos (Blog)<\/td>\n<td style=\"text-align: center;\">1 al mes<\/td>\n<\/tr>\n<tr>\n<td>LinkBuilding<\/td>\n<td style=\"text-align: center; color: #039149;\">Incluido<\/td>\n<\/tr>\n<tr>\n<td>Gesti\u00f3n Campa\u00f1as Publicitarias (ADWORDS)<\/td>\n<td style=\"text-align: center;\">10% de lo Invertido*<\/td>\n<\/tr>\n<tr>\n<td>Precio mesual<\/td>\n<td style=\"text-align: center; background-color: #f4f3f1;\"><b>250 \u20ac\/mes<\/b>**<\/td>\n<\/tr>\n<\/tbody>\n<\/table>\n<\/div>\n<p style=\"font-size: 12px; font-style: italic;\">*10% del presupuesto invertido en la campa\u00f1a con un m\u00ednimo de M\u00ednimo 59 \u20ac \/ Campa\u00f1a (No incluye presupuesto publicitario).<\/p>\n<p style=\"font-size: 12px; font-style: italic; margin-top: -10px;\">**Los precios no incluyen IVA.<\/p>\n<p style=\"margin-top: 30px;\"><b>\u00abEl SEO no es hacer algo 100% mejor que tus competidores, sino hacer 100 cosas un 1% mejor que ellos\u00bb.<\/b><\/p>\n<p>[\/et_pb_text][\/et_pb_column][\/et_pb_row][\/et_pb_section]<\/p>\n","protected":false},"excerpt":{"rendered":"<p>\u00bfQu\u00e9 es el SEO?. \u00bfPor qu\u00e9 lo necesito? Cada d\u00eda miles de personas buscan servicios y empresas por Internet usando Google como buscador, por lo que es realmente importante estar posicionado en las primeras posiciones de Google para que los usuarios de Internet puedan encontrarnos frente a nuestros competidores y conseguir as\u00ed, nuevos clientes cada [&hellip;]<\/p>\n","protected":false},"author":1,"featured_media":0,"parent":0,"menu_order":0,"comment_status":"closed","ping_status":"closed","template":"","meta":{"_et_pb_use_builder":"on","_et_pb_old_content":"<div>\u00a0<img class=\"size-medium wp-image-28359 aligncenter\" style=\"margin-bottom: 30px;\" src=\"https:\/\/bookgy.com\/wp-content\/uploads\/plan_seo.png\" alt=\"Plan Social media para negocios\" width=\"100%\" height=\"auto\" \/><\/div><h1 style=\"margin-top: 35px; margin-bottom: 15px;\">\u00bfQue es el SEO?. \u00bfPor qu\u00e9 lo necesito?<\/h1><p style=\"font-size: 18px; text-align: justify;\">Cada d\u00eda miles de personas buscan servicios y empresas por internet usando Google como buscador, por lo que es realmente importante estar posicionado en las primeras posiciones de Google para que los usuarios de internet puedan encontrarnos frente a nuestros competidores y conseguir as\u00ed, nuevos clientes cada d\u00eda.<\/p><h1><b><span style=\"font-size: large;\">\u00bfEs posible aparecer en la primera posici\u00f3n de Google?<\/span><\/b><\/h1><p style=\"font-size: 18px; text-align: justify;\">Muchas empresas de SEO en su publicidad dicen que garantizan aparecer en la primera posici\u00f3n y en el 100% de los casos,\u00a0<b>esta publicidad es enga\u00f1osa...<\/b><\/p><p style=\"font-size: 18px; text-align: justify;\">Cuando se lee la letra peque\u00f1a, resulta que lo que garantizan es el \"<b>posicionamiento de marca<\/b>\". Esto significa que saldr\u00e1s en primera posici\u00f3n solo si pones el nombre de tu negocio. Veamos esto con un ejemplo:<\/p><p style=\"font-size: 18px;\">Si usamos a Zara para el ejemplo, el \"posicionamiento de marca\" es aparecer en primera posici\u00f3n de Google si buscamos la palabra: ZARA.<\/p><p style=\"font-size: 18px; text-align: justify;\">Esto es realmente f\u00e1cil y Google siempre nos va a posicionar, hagamos SEO o no lo hagamos.<\/p><h2>Entonces, \u00bfqu\u00e9 estrategia es la correcta desde el punto de vista del SEO?<\/h2><div style=\"font-size: 18px; text-align: justify;\">Lo\u00a0<b>realmente interesante<\/b>\u00a0y costoso es aparecer en las primeras posiciones por palabras relacionadas con el negocio.<\/div><div>\u00a0<\/div><div style=\"font-size: 18px;\">En el ejemplo de ZARA, las palabras interesantes ser\u00edan por ejemplo: \"ropa\", \"ropa mujer\", \"ropa caballero\", \"camisa blanca\", \"pantal\u00f3n vaquero\", etc.... y as\u00ed podr\u00edamos pensar miles de palabras y frases interesantes desde el punto de vista del negocio, en este caso ZARA.<\/div><h2 style=\"margin-top: 35px; margin-bottom: 15px;\">\u00bfSEO gen\u00e9rico o Local?<\/h2><div style=\"font-size: 18px;\">Los clientes de Bookgy tienen un \u00e1mbito de negocio normalmente restingido a su ciudad. Por ejemplo, el perfil de clientes de una peluquer\u00eda, un centro de est\u00e9tica o un m\u00e9dico, residen en su ciudad o la van a visitar, por lo que las palabras interesantes a posicionar ser\u00e1n las que est\u00e9n unidas a su ciudad.<\/div><div>\u00a0<\/div><div style=\"font-size: 18px;\">El SEO adecuado para la mayor\u00eda de estos negocios es el llamado\u00a0<b>SEO Local<\/b>.<\/div><div>\u00a0<\/div><div style=\"font-size: 18px;\">Por ejemplo, las palabras m\u00e1s interesantes una peluquer\u00eda de Almer\u00eda ser\u00edan: \"peluqueria almer\u00eda\", \"peluquero almer\u00eda\", \"peinado boda almer\u00eda\", \"peluqueria moderna almeria\", \"rizos permanente almer\u00eda\", etc....<\/div><h2 style=\"margin-top: 35px; margin-bottom: 15px;\">\u00bfQu\u00e9 trabajo realiza el equipo SEO de Bookgy?<\/h2><div>Nuestro equipo es muy profesional y lleva a\u00f1os dedicado al SEO. Lo primero que realizamos es un\u00a0<b>estudio de las palabras claves<\/b>\u00a0m\u00e1s importantes para el negocio y dise\u00f1amos una estrategia para posicionar estas palabras en el medio y largo.<\/div><div>\u00a0<\/div><div>Mantenemos contacto con el cliente y le hacemos llegar<b>\u00a0informes de evoluci\u00f3n<\/b>\u00a0mensualmente.<\/div><div>\u00a0<\/div><div><b>Escribimos en el blog del cliente<\/b>\u00a0para mantener la p\u00e1gina activa y mejorar la cantidad de palabras claves posicionadas.<\/div><div>\u00a0<\/div><div>Damos forma a la web desde el punto de vista del SEO On Page. Casi todas las webs, tienen esta parte muy descuidada.<\/div><div>\u00a0<\/div><div><b>No prometemos estar en n\u00famero 1 de Google<\/b>, sino que<b>\u00a0trabajamos intensamente para posicionar muchas palabras claves<\/b>\u00a0en la primera p\u00e1gina de Google y de esta forma y con tiempo, conseguimos que muchas de ellas acaben en posici\u00f3n n\u00famero uno, consiguiendo as\u00ed muchas visitas a la web y por lo tanto muchos nuevos clientes.<\/div><div>\u00a0<\/div><div style=\"font-size: 18px;\">y muchas cosas m\u00e1s....<\/div><h1 style=\"margin-top: 35px; margin-bottom: 15px;\">Presupuesto SEO:<\/h1><div><table dir=\"ltr\" border=\"1\" cellspacing=\"0\" cellpadding=\"0\"><colgroup> <col width=\"340\" \/> <col width=\"152\" \/><\/colgroup><tbody><tr><td>Instalaci\u00f3n y an\u00e1lisis estrat\u00e9gico<\/td><td>149\u20ac (Pago \u00fanico)<\/td><\/tr><tr><td>Estudio de palabras claves<\/td><td>Incluido<\/td><\/tr><tr><td>Estudio de Link Building<\/td><td>Incluido<\/td><\/tr><tr><td>Estudio de Competencia<\/td><td>Incluido<\/td><\/tr><tr><td>\u00a0<\/td><td>\u00a0<\/td><\/tr><tr><td>SEO On Page<\/td><td>incluido<\/td><\/tr><tr><td>Google My Bussines<\/td><td>incluido<\/td><\/tr><tr><td>\u00a0<\/td><td>\u00a0<\/td><\/tr><tr><td>Generaci\u00f3n de Contenidos para Blog<\/td><td>2 al mes<\/td><\/tr><tr><td>LinkBuilding<\/td><td>Incluido<\/td><\/tr><tr><td>\u00a0<\/td><td>\u00a0<\/td><\/tr><tr><td>Gesti\u00f3n Campa\u00f1as Publicitarias (ADWORDS)<\/td><td>10% de lo Invertido*<\/td><\/tr><tr><td>\u00a0<\/td><td>\u00a0<\/td><\/tr><tr><td>Precio<\/td><td>79 \u20ac\/mes**<\/td><\/tr><\/tbody><\/table><\/div><div>*10% del presupuesto invertido en la campa\u00f1a con un m\u00ednimo de M\u00ednimo 59 \u20ac \/ Campa\u00f1a (No incluye presupuesto publicitario).<\/div><div>**Los precios no incluyen IVA.<\/div><div>\u00a0<\/div><div style=\"font-size: 18px;\"><span style=\"color: #000000; font-family: arial;\">Espero que esta informaci\u00f3n sea \u00fatil y se decante por nuestra oferta. Si tiene alguna duda, le puedo llamar por tel\u00e9fono y resolver las cuestiones que le surjan.\u00a0D\u00edgame\u00a0un d\u00eda y hora y le llamo.<\/span><\/div><div>\u00a0<\/div><div style=\"font-size: 18px;\"><b>\"El SEO no es hacer algo 100% mejor que tus competidores, sino hacer 100 cosas un 1% mejor que ellos\".<\/b><\/div>","_et_gb_content_width":"","footnotes":""},"class_list":["post-28350","page","type-page","status-publish","hentry"],"yoast_head":"<!-- This site is optimized with the Yoast SEO plugin v27.4 - https:\/\/yoast.com\/product\/yoast-seo-wordpress\/ -->\n<title>Plan SEO para peque\u00f1os Negocios y Profesionales \u00bb\u00bb Bookgy.com<\/title>\n<meta name=\"description\" content=\"El posicionamiento en buscadores o SEO es la clave para obtener muchas visitas a la p\u00e1gina web del negocio y as\u00ed obtener nuevos clientes por Internet\" \/>\n<meta name=\"robots\" content=\"index, follow, max-snippet:-1, max-image-preview:large, max-video-preview:-1\" \/>\n<link rel=\"canonical\" href=\"https:\/\/bookgy.com\/plan-seo-para-pequenos-negocios-y-profesionales\/\" \/>\n<meta property=\"og:locale\" content=\"es_ES\" \/>\n<meta property=\"og:type\" content=\"article\" \/>\n<meta property=\"og:title\" content=\"Plan SEO para peque\u00f1os Negocios y Profesionales \u00bb\u00bb Bookgy.com\" \/>\n<meta property=\"og:description\" content=\"El posicionamiento en buscadores o SEO es la clave para obtener muchas visitas a la p\u00e1gina web del negocio y as\u00ed obtener nuevos clientes por Internet\" \/>\n<meta property=\"og:url\" content=\"https:\/\/bookgy.com\/plan-seo-para-pequenos-negocios-y-profesionales\/\" \/>\n<meta property=\"og:site_name\" content=\"Bookgy.com\" \/>\n<meta property=\"article:modified_time\" content=\"2020-09-23T11:03:15+00:00\" \/>\n<meta property=\"og:image\" content=\"https:\/\/bookgy.com\/wp-content\/uploads\/plan_seo_2018-e1600857911160.png\" \/>\n<meta name=\"twitter:card\" content=\"summary_large_image\" \/>\n<meta name=\"twitter:label1\" content=\"Tiempo de lectura\" \/>\n\t<meta name=\"twitter:data1\" content=\"3 minutos\" \/>\n<script type=\"application\/ld+json\" class=\"yoast-schema-graph\">{\"@context\":\"https:\\\/\\\/schema.org\",\"@graph\":[{\"@type\":\"WebPage\",\"@id\":\"https:\\\/\\\/bookgy.com\\\/plan-seo-para-pequenos-negocios-y-profesionales\\\/\",\"url\":\"https:\\\/\\\/bookgy.com\\\/plan-seo-para-pequenos-negocios-y-profesionales\\\/\",\"name\":\"Plan SEO para peque\u00f1os Negocios y Profesionales \u00bb\u00bb Bookgy.com\",\"isPartOf\":{\"@id\":\"https:\\\/\\\/bookgy.com\\\/#website\"},\"primaryImageOfPage\":{\"@id\":\"https:\\\/\\\/bookgy.com\\\/plan-seo-para-pequenos-negocios-y-profesionales\\\/#primaryimage\"},\"image\":{\"@id\":\"https:\\\/\\\/bookgy.com\\\/plan-seo-para-pequenos-negocios-y-profesionales\\\/#primaryimage\"},\"thumbnailUrl\":\"http:\\\/\\\/bookgy.com\\\/wp-content\\\/uploads\\\/plan_seo_2018-e1600857911160.png\",\"datePublished\":\"2017-09-20T17:03:24+00:00\",\"dateModified\":\"2020-09-23T11:03:15+00:00\",\"description\":\"El posicionamiento en buscadores o SEO es la clave para obtener muchas visitas a la p\u00e1gina web del negocio y as\u00ed obtener nuevos clientes por Internet\",\"breadcrumb\":{\"@id\":\"https:\\\/\\\/bookgy.com\\\/plan-seo-para-pequenos-negocios-y-profesionales\\\/#breadcrumb\"},\"inLanguage\":\"es\",\"potentialAction\":[{\"@type\":\"ReadAction\",\"target\":[\"https:\\\/\\\/bookgy.com\\\/plan-seo-para-pequenos-negocios-y-profesionales\\\/\"]}]},{\"@type\":\"ImageObject\",\"inLanguage\":\"es\",\"@id\":\"https:\\\/\\\/bookgy.com\\\/plan-seo-para-pequenos-negocios-y-profesionales\\\/#primaryimage\",\"url\":\"http:\\\/\\\/bookgy.com\\\/wp-content\\\/uploads\\\/plan_seo_2018-e1600857911160.png\",\"contentUrl\":\"http:\\\/\\\/bookgy.com\\\/wp-content\\\/uploads\\\/plan_seo_2018-e1600857911160.png\"},{\"@type\":\"BreadcrumbList\",\"@id\":\"https:\\\/\\\/bookgy.com\\\/plan-seo-para-pequenos-negocios-y-profesionales\\\/#breadcrumb\",\"itemListElement\":[{\"@type\":\"ListItem\",\"position\":1,\"name\":\"Home\",\"item\":\"https:\\\/\\\/bookgy.com\\\/\"},{\"@type\":\"ListItem\",\"position\":2,\"name\":\"Plan SEO para peque\u00f1os Negocios y Profesionales\"}]},{\"@type\":\"WebSite\",\"@id\":\"https:\\\/\\\/bookgy.com\\\/#website\",\"url\":\"https:\\\/\\\/bookgy.com\\\/\",\"name\":\"Bookgy.com\",\"description\":\"Reservas y Gesti\u00f3n online para todo tipo de empresas.\",\"potentialAction\":[{\"@type\":\"SearchAction\",\"target\":{\"@type\":\"EntryPoint\",\"urlTemplate\":\"https:\\\/\\\/bookgy.com\\\/?s={search_term_string}\"},\"query-input\":{\"@type\":\"PropertyValueSpecification\",\"valueRequired\":true,\"valueName\":\"search_term_string\"}}],\"inLanguage\":\"es\"}]}<\/script>\n<!-- \/ Yoast SEO plugin. -->","yoast_head_json":{"title":"Plan SEO para peque\u00f1os Negocios y Profesionales \u00bb\u00bb Bookgy.com","description":"El posicionamiento en buscadores o SEO es la clave para obtener muchas visitas a la p\u00e1gina web del negocio y as\u00ed obtener nuevos clientes por Internet","robots":{"index":"index","follow":"follow","max-snippet":"max-snippet:-1","max-image-preview":"max-image-preview:large","max-video-preview":"max-video-preview:-1"},"canonical":"https:\/\/bookgy.com\/plan-seo-para-pequenos-negocios-y-profesionales\/","og_locale":"es_ES","og_type":"article","og_title":"Plan SEO para peque\u00f1os Negocios y Profesionales \u00bb\u00bb Bookgy.com","og_description":"El posicionamiento en buscadores o SEO es la clave para obtener muchas visitas a la p\u00e1gina web del negocio y as\u00ed obtener nuevos clientes por Internet","og_url":"https:\/\/bookgy.com\/plan-seo-para-pequenos-negocios-y-profesionales\/","og_site_name":"Bookgy.com","article_modified_time":"2020-09-23T11:03:15+00:00","og_image":[{"url":"https:\/\/bookgy.com\/wp-content\/uploads\/plan_seo_2018-e1600857911160.png","type":"","width":"","height":""}],"twitter_card":"summary_large_image","twitter_misc":{"Tiempo de lectura":"3 minutos"},"schema":{"@context":"https:\/\/schema.org","@graph":[{"@type":"WebPage","@id":"https:\/\/bookgy.com\/plan-seo-para-pequenos-negocios-y-profesionales\/","url":"https:\/\/bookgy.com\/plan-seo-para-pequenos-negocios-y-profesionales\/","name":"Plan SEO para peque\u00f1os Negocios y Profesionales \u00bb\u00bb Bookgy.com","isPartOf":{"@id":"https:\/\/bookgy.com\/#website"},"primaryImageOfPage":{"@id":"https:\/\/bookgy.com\/plan-seo-para-pequenos-negocios-y-profesionales\/#primaryimage"},"image":{"@id":"https:\/\/bookgy.com\/plan-seo-para-pequenos-negocios-y-profesionales\/#primaryimage"},"thumbnailUrl":"https:\/\/bookgy.com\/wp-content\/uploads\/plan_seo_2018-e1600857911160.png","datePublished":"2017-09-20T17:03:24+00:00","dateModified":"2020-09-23T11:03:15+00:00","description":"El posicionamiento en buscadores o SEO es la clave para obtener muchas visitas a la p\u00e1gina web del negocio y as\u00ed obtener nuevos clientes por Internet","breadcrumb":{"@id":"https:\/\/bookgy.com\/plan-seo-para-pequenos-negocios-y-profesionales\/#breadcrumb"},"inLanguage":"es","potentialAction":[{"@type":"ReadAction","target":["https:\/\/bookgy.com\/plan-seo-para-pequenos-negocios-y-profesionales\/"]}]},{"@type":"ImageObject","inLanguage":"es","@id":"https:\/\/bookgy.com\/plan-seo-para-pequenos-negocios-y-profesionales\/#primaryimage","url":"https:\/\/bookgy.com\/wp-content\/uploads\/plan_seo_2018-e1600857911160.png","contentUrl":"https:\/\/bookgy.com\/wp-content\/uploads\/plan_seo_2018-e1600857911160.png"},{"@type":"BreadcrumbList","@id":"https:\/\/bookgy.com\/plan-seo-para-pequenos-negocios-y-profesionales\/#breadcrumb","itemListElement":[{"@type":"ListItem","position":1,"name":"Home","item":"https:\/\/bookgy.com\/"},{"@type":"ListItem","position":2,"name":"Plan SEO para peque\u00f1os Negocios y Profesionales"}]},{"@type":"WebSite","@id":"https:\/\/bookgy.com\/#website","url":"https:\/\/bookgy.com\/","name":"Bookgy.com","description":"Reservas y Gesti\u00f3n online para todo tipo de empresas.","potentialAction":[{"@type":"SearchAction","target":{"@type":"EntryPoint","urlTemplate":"https:\/\/bookgy.com\/?s={search_term_string}"},"query-input":{"@type":"PropertyValueSpecification","valueRequired":true,"valueName":"search_term_string"}}],"inLanguage":"es"}]}},"_links":{"self":[{"href":"https:\/\/bookgy.com\/wp-json\/wp\/v2\/pages\/28350","targetHints":{"allow":["GET"]}}],"collection":[{"href":"https:\/\/bookgy.com\/wp-json\/wp\/v2\/pages"}],"about":[{"href":"https:\/\/bookgy.com\/wp-json\/wp\/v2\/types\/page"}],"author":[{"embeddable":true,"href":"https:\/\/bookgy.com\/wp-json\/wp\/v2\/users\/1"}],"replies":[{"embeddable":true,"href":"https:\/\/bookgy.com\/wp-json\/wp\/v2\/comments?post=28350"}],"version-history":[{"count":7,"href":"https:\/\/bookgy.com\/wp-json\/wp\/v2\/pages\/28350\/revisions"}],"predecessor-version":[{"id":32198,"href":"https:\/\/bookgy.com\/wp-json\/wp\/v2\/pages\/28350\/revisions\/32198"}],"wp:attachment":[{"href":"https:\/\/bookgy.com\/wp-json\/wp\/v2\/media?parent=28350"}],"curies":[{"name":"wp","href":"https:\/\/api.w.org\/{rel}","templated":true}]}}